{"id":3004,"date":"2024-12-03T10:29:25","date_gmt":"2024-12-03T09:29:25","guid":{"rendered":"https:\/\/delpinodelvalle.com\/?page_id=3004"},"modified":"2024-12-03T10:40:02","modified_gmt":"2024-12-03T09:40:02","slug":"politica-de-privacidad","status":"publish","type":"page","link":"https:\/\/delpinodelvalle.com\/ru\/politica-de-privacidad\/","title":{"rendered":"\u043f\u043e\u043b\u0438\u0442\u0438\u043a\u0430 \u043a\u043e\u043d\u0444\u0438\u0434\u0435\u043d\u0446\u0438\u0430\u043b\u044c\u043d\u043e\u0441\u0442\u0438"},"content":{"rendered":"<div data-elementor-type=\"wp-page\" data-elementor-id=\"3004\" class=\"elementor elementor-3004\" data-elementor-post-type=\"page\">\n\t\t\t\t<div class=\"elementor-element elementor-element-b94f6db e-flex e-con-boxed e-con e-parent\" data-id=\"b94f6db\" data-element_type=\"container\" data-e-type=\"container\">\n\t\t\t\t\t<div class=\"e-con-inner\">\n\t\t\t\t<div class=\"elementor-element elementor-element-bc33a36 elementor-widget elementor-widget-heading\" data-id=\"bc33a36\" data-element_type=\"widget\" data-e-type=\"widget\" data-widget_type=\"heading.default\">\n\t\t\t\t<div class=\"elementor-widget-container\">\n\t\t\t\t\t<h1 class=\"elementor-heading-title elementor-size-default\">\u043f\u043e\u043b\u0438\u0442\u0438\u043a\u0430 \u043a\u043e\u043d\u0444\u0438\u0434\u0435\u043d\u0446\u0438\u0430\u043b\u044c\u043d\u043e\u0441\u0442\u0438<\/h1>\t\t\t\t<\/div>\n\t\t\t\t<\/div>\n\t\t\t\t<div class=\"elementor-element elementor-element-e21dab1 elementor-widget elementor-widget-text-editor\" data-id=\"e21dab1\" data-element_type=\"widget\" data-e-type=\"widget\" data-widget_type=\"text-editor.default\">\n\t\t\t\t<div class=\"elementor-widget-container\">\n\t\t\t\t\t\t\t\t\t<p>Informaci\u00f3n detallada sobre Protecci\u00f3n de Datos<\/p><p>1. Responsable<br \/>1.1. Responsable del tratamiento:<\/p><p>ESTUDIO DEL PINO DEL VALLE<br \/>C. Fresca 2,<br \/>29015, M\u00e1laga(Espa\u00f1a)<br \/>Correo electr\u00f3nico: estudio@delpinodelvalle.com<\/p><p>1.2. Delegado de Protecci\u00f3n de Datos (DPD): En el supuesto de que ESTUDIO DEL PINO DEL VALLE designe un DPD m\u00e1s adelante, en el momento de la designaci\u00f3n del mismo, se publicar\u00e1n los datos (tel\u00e9fono y correo electr\u00f3nico) de dicho DPD en la p\u00e1gina web www.delpinodelvalle.com.<\/p><p>2. Finalidades del tratamiento<br \/>Sus datos se podr\u00e1n utilizar para:<\/p><p>Tramitar la consulta\/solicitud por usted planteada.<br \/>Remitirle a trav\u00e9s de cualquier medio, incluidos los electr\u00f3nicos, informaci\u00f3n comercial sobre nuestros productos.<\/p><p>3. Legitimaci\u00f3n<br \/>La base legal para el tratamiento de sus datos es la gesti\u00f3n de una solicitud planteada por usted, La legitimidad de las comunicaciones comerciales en relaci\u00f3n con nuestros productos y servicios, est\u00e1 basada en el consentimiento que a estos efectos le hemos solicitado.<\/p><p>Todos los datos solicitados en el formulario son de obligada cumplimentaci\u00f3n, si no los indica, ESTUDIO DEL PINO DEL VALLE no podr\u00e1 atender su solicitud.<\/p><p>La negativa y\/o revocaci\u00f3n del consentimiento para env\u00edos publicitarios en ning\u00fan caso condicionar\u00e1 la gesti\u00f3n de su solicitud, siempre que nos haya dado su consentimiento para la tramitaci\u00f3n de dicha solicitud.<\/p><p>4. Plazos\/criterios de conservaci\u00f3n de los datos<br \/>Sus datos personales se conservar\u00e1n mientras se tramita su consulta\/solicitud, y para la finalidad del env\u00edo de publicidad, mientras no se revoque el consentimiento para ello, en cuyo caso, los datos se suprimir\u00e1n, entendiendo supresi\u00f3n como bloqueo de los mismos, en este sentido, los datos bloqueados quedar\u00e1n a disposici\u00f3n exclusiva del tribunal, el Ministerio Fiscal u otras Administraciones P\u00fablicas competentes, en particular de las autoridades de protecci\u00f3n de datos, para la exigencia de posibles responsabilidades derivadas del tratamiento y por el plazo de prescripci\u00f3n de las mismas.<\/p><p>5. Destinatarios<br \/>No se prev\u00e9 llevar a cabo comunicaciones de datos a terceros, salvo obligaci\u00f3n legal.<\/p><p>No se van a llevar a cabo transferencias de datos a terceros pa\u00edses sitos fuera de la Uni\u00f3n Europea.<\/p><p>6. Derechos<br \/>6.1. Ejercicio de derechos: si desea ejercitar los derechos que le asisten de acceso, rectificaci\u00f3n, supresi\u00f3n, portabilidad de sus datos, as\u00ed como la limitaci\u00f3n u oposici\u00f3n a su tratamiento, le rogamos remita un escrito dirigido a ESTUDIO DEL PINO DEL VALLE, a la direcci\u00f3n indicada anteriormente, o al correo electr\u00f3nico info@delpinodelvalle.com, con la referencia Protecci\u00f3n de Datos Usuarios web, adjuntando copia de su DNI o documento identificativo equivalente.<\/p><p>6.2. Derecho retirada consentimiento: usted puede revocar en cualquier momento el consentimiento prestado para el tratamiento de sus datos mediante un escrito dirigido a ESTUDIO DEL PINO DEL VALLE a la direcci\u00f3n indicada anteriormente, o al correo electr\u00f3nico info@delpinodelvalle.com, con la referencia Protecci\u00f3n de Datos Usuarios web, adjuntando copia de su DNI o documento identificativo equivalente, sin que esta revocaci\u00f3n del consentimiento afecte al tratamiento basado en el consentimiento previo a su retirada.<\/p><p>6.3. Reclamaci\u00f3n: En todo caso, usted podr\u00e1, si entiende que sus derechos han sido vulnerados, interponer una reclamaci\u00f3n ante la Agencia Espa\u00f1ola de Protecci\u00f3n de Datos, con domicilio en calle Jorge Juan 6, 28001 de Madrid, tel\u00e9fono 901 100 099, y sitio web www.agpd.es.<\/p>\t\t\t\t\t\t\t\t<\/div>\n\t\t\t\t<\/div>\n\t\t\t\t<div class=\"elementor-element elementor-element-4540c14 elementor-widget elementor-widget-spacer\" data-id=\"4540c14\" data-element_type=\"widget\" data-e-type=\"widget\" data-widget_type=\"spacer.default\">\n\t\t\t\t<div class=\"elementor-widget-container\">\n\t\t\t\t\t\t\t<div class=\"elementor-spacer\">\n\t\t\t<div class=\"elementor-spacer-inner\"><\/div>\n\t\t<\/div>\n\t\t\t\t\t\t<\/div>\n\t\t\t\t<\/div>\n\t\t\t\t\t<\/div>\n\t\t\t\t<\/div>\n\t\t\t\t<\/div>","protected":false},"excerpt":{"rendered":"<p>Pol\u00edtica de privacidad Informaci\u00f3n detallada sobre Protecci\u00f3n de Datos 1. Responsable1.1. Responsable del tratamiento: ESTUDIO DEL PINO DEL VALLEC. Fresca 2,29015, M\u00e1laga(Espa\u00f1a)Correo electr\u00f3nico: estudio@delpinodelvalle.com 1.2. Delegado de Protecci\u00f3n de Datos (DPD): En el supuesto de que ESTUDIO DEL PINO DEL VALLE designe un DPD m\u00e1s adelante, en el momento de la designaci\u00f3n del mismo, se [&hellip;]<\/p>\n","protected":false},"author":1,"featured_media":0,"parent":0,"menu_order":0,"comment_status":"closed","ping_status":"closed","template":"","meta":{"_acf_changed":false,"footnotes":""},"class_list":["post-3004","page","type-page","status-publish","hentry"],"acf":[],"yoast_head":"<!-- This site is optimized with the Yoast SEO plugin v27.2 - https:\/\/yoast.com\/product\/yoast-seo-wordpress\/ -->\n<title>Pol\u00edtica de privacidad - Estudio Del Pino Del Valle \u00b7 Arquitectura e interiorismo en M\u00e1laga<\/title>\n<meta name=\"robots\" content=\"index, follow, max-snippet:-1, max-image-preview:large, max-video-preview:-1\" \/>\n<link rel=\"canonical\" href=\"https:\/\/delpinodelvalle.com\/ru\/politica-de-privacidad\/\" \/>\n<meta property=\"og:locale\" content=\"ru_RU\" \/>\n<meta property=\"og:type\" content=\"article\" \/>\n<meta property=\"og:title\" content=\"Pol\u00edtica de privacidad - Estudio Del Pino Del Valle \u00b7 Arquitectura e interiorismo en M\u00e1laga\" \/>\n<meta property=\"og:description\" content=\"Pol\u00edtica de privacidad Informaci\u00f3n detallada sobre Protecci\u00f3n de Datos 1. Responsable1.1. Responsable del tratamiento: ESTUDIO DEL PINO DEL VALLEC. Fresca 2,29015, M\u00e1laga(Espa\u00f1a)Correo electr\u00f3nico: estudio@delpinodelvalle.com 1.2. Delegado de Protecci\u00f3n de Datos (DPD): En el supuesto de que ESTUDIO DEL PINO DEL VALLE designe un DPD m\u00e1s adelante, en el momento de la designaci\u00f3n del mismo, se [&hellip;]\" \/>\n<meta property=\"og:url\" content=\"https:\/\/delpinodelvalle.com\/ru\/politica-de-privacidad\/\" \/>\n<meta property=\"og:site_name\" content=\"Estudio Del Pino Del Valle \u00b7 Arquitectura e interiorismo en M\u00e1laga\" \/>\n<meta property=\"article:publisher\" content=\"https:\/\/www.facebook.com\/estudiodelpinodelvalle\/\" \/>\n<meta property=\"article:modified_time\" content=\"2024-12-03T09:40:02+00:00\" \/>\n<meta property=\"og:image\" content=\"https:\/\/delpinodelvalle.com\/wp-content\/uploads\/2024\/11\/Logo-Del-Pino-Del-Valle.png\" \/>\n\t<meta property=\"og:image:width\" content=\"550\" \/>\n\t<meta property=\"og:image:height\" content=\"101\" \/>\n\t<meta property=\"og:image:type\" content=\"image\/png\" \/>\n<meta name=\"twitter:card\" content=\"summary_large_image\" \/>\n<script type=\"application\/ld+json\" class=\"yoast-schema-graph\">{\"@context\":\"https:\/\/schema.org\",\"@graph\":[{\"@type\":\"WebPage\",\"@id\":\"https:\/\/delpinodelvalle.com\/politica-de-privacidad\/\",\"url\":\"https:\/\/delpinodelvalle.com\/politica-de-privacidad\/\",\"name\":\"Pol\u00edtica de privacidad - Estudio Del Pino Del Valle \u00b7 Arquitectura e interiorismo en M\u00e1laga\",\"isPartOf\":{\"@id\":\"https:\/\/delpinodelvalle.com\/#website\"},\"datePublished\":\"2024-12-03T09:29:25+00:00\",\"dateModified\":\"2024-12-03T09:40:02+00:00\",\"breadcrumb\":{\"@id\":\"https:\/\/delpinodelvalle.com\/politica-de-privacidad\/#breadcrumb\"},\"inLanguage\":\"ru-RU\",\"potentialAction\":[{\"@type\":\"ReadAction\",\"target\":[\"https:\/\/delpinodelvalle.com\/politica-de-privacidad\/\"]}]},{\"@type\":\"BreadcrumbList\",\"@id\":\"https:\/\/delpinodelvalle.com\/politica-de-privacidad\/#breadcrumb\",\"itemListElement\":[{\"@type\":\"ListItem\",\"position\":1,\"name\":\"Portada\",\"item\":\"https:\/\/delpinodelvalle.com\/\"},{\"@type\":\"ListItem\",\"position\":2,\"name\":\"Pol\u00edtica de privacidad\"}]},{\"@type\":\"WebSite\",\"@id\":\"https:\/\/delpinodelvalle.com\/#website\",\"url\":\"https:\/\/delpinodelvalle.com\/\",\"name\":\"Estudio Del Pino Del Valle \u00b7 Arquitectura e interiorismo en M\u00e1laga\",\"description\":\"Del Pino Del Valle: Creatividad y elegancia en cada proyecto. Dise\u00f1amos espacios que inspiran y reflejan tu personalidad. Explora nuestro portfolio.\",\"publisher\":{\"@id\":\"https:\/\/delpinodelvalle.com\/#organization\"},\"alternateName\":\"Del Pino Del Valle \u00b7 Arquitectura e interiorismo\",\"potentialAction\":[{\"@type\":\"SearchAction\",\"target\":{\"@type\":\"EntryPoint\",\"urlTemplate\":\"https:\/\/delpinodelvalle.com\/?s={search_term_string}\"},\"query-input\":{\"@type\":\"PropertyValueSpecification\",\"valueRequired\":true,\"valueName\":\"search_term_string\"}}],\"inLanguage\":\"ru-RU\"},{\"@type\":\"Organization\",\"@id\":\"https:\/\/delpinodelvalle.com\/#organization\",\"name\":\"Del Pino Del Valle \u00b7 Arquitectura e interiorismo\",\"alternateName\":\"Del Pino Del Valle\",\"url\":\"https:\/\/delpinodelvalle.com\/\",\"logo\":{\"@type\":\"ImageObject\",\"inLanguage\":\"ru-RU\",\"@id\":\"https:\/\/delpinodelvalle.com\/#\/schema\/logo\/image\/\",\"url\":\"https:\/\/delpinodelvalle.com\/wp-content\/uploads\/2024\/11\/DelPinoDelValle-logo.png\",\"contentUrl\":\"https:\/\/delpinodelvalle.com\/wp-content\/uploads\/2024\/11\/DelPinoDelValle-logo.png\",\"width\":517,\"height\":98,\"caption\":\"Del Pino Del Valle \u00b7 Arquitectura e interiorismo\"},\"image\":{\"@id\":\"https:\/\/delpinodelvalle.com\/#\/schema\/logo\/image\/\"},\"sameAs\":[\"https:\/\/www.facebook.com\/estudiodelpinodelvalle\/\",\"https:\/\/www.instagram.com\/estudiodelpinodelvalle\/\",\"https:\/\/www.linkedin.com\/company\/del-pino-&-del-valle-arquitectura-e-interiorismo-sl\/\",\"https:\/\/es.pinterest.com\/delpinodelvalle\/\"]}]}<\/script>\n<!-- \/ Yoast SEO plugin. -->","yoast_head_json":{"title":"Pol\u00edtica de privacidad - Estudio Del Pino Del Valle \u00b7 Arquitectura e interiorismo en M\u00e1laga","robots":{"index":"index","follow":"follow","max-snippet":"max-snippet:-1","max-image-preview":"max-image-preview:large","max-video-preview":"max-video-preview:-1"},"canonical":"https:\/\/delpinodelvalle.com\/ru\/politica-de-privacidad\/","og_locale":"ru_RU","og_type":"article","og_title":"Pol\u00edtica de privacidad - Estudio Del Pino Del Valle \u00b7 Arquitectura e interiorismo en M\u00e1laga","og_description":"Pol\u00edtica de privacidad Informaci\u00f3n detallada sobre Protecci\u00f3n de Datos 1. Responsable1.1. Responsable del tratamiento: ESTUDIO DEL PINO DEL VALLEC. Fresca 2,29015, M\u00e1laga(Espa\u00f1a)Correo electr\u00f3nico: estudio@delpinodelvalle.com 1.2. Delegado de Protecci\u00f3n de Datos (DPD): En el supuesto de que ESTUDIO DEL PINO DEL VALLE designe un DPD m\u00e1s adelante, en el momento de la designaci\u00f3n del mismo, se [&hellip;]","og_url":"https:\/\/delpinodelvalle.com\/ru\/politica-de-privacidad\/","og_site_name":"Estudio Del Pino Del Valle \u00b7 Arquitectura e interiorismo en M\u00e1laga","article_publisher":"https:\/\/www.facebook.com\/estudiodelpinodelvalle\/","article_modified_time":"2024-12-03T09:40:02+00:00","og_image":[{"width":550,"height":101,"url":"https:\/\/delpinodelvalle.com\/wp-content\/uploads\/2024\/11\/Logo-Del-Pino-Del-Valle.png","type":"image\/png"}],"twitter_card":"summary_large_image","schema":{"@context":"https:\/\/schema.org","@graph":[{"@type":"WebPage","@id":"https:\/\/delpinodelvalle.com\/politica-de-privacidad\/","url":"https:\/\/delpinodelvalle.com\/politica-de-privacidad\/","name":"Pol\u00edtica de privacidad - Estudio Del Pino Del Valle \u00b7 Arquitectura e interiorismo en M\u00e1laga","isPartOf":{"@id":"https:\/\/delpinodelvalle.com\/#website"},"datePublished":"2024-12-03T09:29:25+00:00","dateModified":"2024-12-03T09:40:02+00:00","breadcrumb":{"@id":"https:\/\/delpinodelvalle.com\/politica-de-privacidad\/#breadcrumb"},"inLanguage":"ru-RU","potentialAction":[{"@type":"ReadAction","target":["https:\/\/delpinodelvalle.com\/politica-de-privacidad\/"]}]},{"@type":"BreadcrumbList","@id":"https:\/\/delpinodelvalle.com\/politica-de-privacidad\/#breadcrumb","itemListElement":[{"@type":"ListItem","position":1,"name":"Portada","item":"https:\/\/delpinodelvalle.com\/"},{"@type":"ListItem","position":2,"name":"Pol\u00edtica de privacidad"}]},{"@type":"WebSite","@id":"https:\/\/delpinodelvalle.com\/#website","url":"https:\/\/delpinodelvalle.com\/","name":"Estudio Del Pino Del Valle \u00b7 Arquitectura e interiorismo en M\u00e1laga","description":"Del Pino Del Valle: Creatividad y elegancia en cada proyecto. Dise\u00f1amos espacios que inspiran y reflejan tu personalidad. Explora nuestro portfolio.","publisher":{"@id":"https:\/\/delpinodelvalle.com\/#organization"},"alternateName":"Del Pino Del Valle \u00b7 Arquitectura e interiorismo","potentialAction":[{"@type":"SearchAction","target":{"@type":"EntryPoint","urlTemplate":"https:\/\/delpinodelvalle.com\/?s={search_term_string}"},"query-input":{"@type":"PropertyValueSpecification","valueRequired":true,"valueName":"search_term_string"}}],"inLanguage":"ru-RU"},{"@type":"Organization","@id":"https:\/\/delpinodelvalle.com\/#organization","name":"Del Pino Del Valle \u00b7 Arquitectura e interiorismo","alternateName":"Del Pino Del Valle","url":"https:\/\/delpinodelvalle.com\/","logo":{"@type":"ImageObject","inLanguage":"ru-RU","@id":"https:\/\/delpinodelvalle.com\/#\/schema\/logo\/image\/","url":"https:\/\/delpinodelvalle.com\/wp-content\/uploads\/2024\/11\/DelPinoDelValle-logo.png","contentUrl":"https:\/\/delpinodelvalle.com\/wp-content\/uploads\/2024\/11\/DelPinoDelValle-logo.png","width":517,"height":98,"caption":"Del Pino Del Valle \u00b7 Arquitectura e interiorismo"},"image":{"@id":"https:\/\/delpinodelvalle.com\/#\/schema\/logo\/image\/"},"sameAs":["https:\/\/www.facebook.com\/estudiodelpinodelvalle\/","https:\/\/www.instagram.com\/estudiodelpinodelvalle\/","https:\/\/www.linkedin.com\/company\/del-pino-&-del-valle-arquitectura-e-interiorismo-sl\/","https:\/\/es.pinterest.com\/delpinodelvalle\/"]}]}},"_links":{"self":[{"href":"https:\/\/delpinodelvalle.com\/ru\/wp-json\/wp\/v2\/pages\/3004","targetHints":{"allow":["GET"]}}],"collection":[{"href":"https:\/\/delpinodelvalle.com\/ru\/wp-json\/wp\/v2\/pages"}],"about":[{"href":"https:\/\/delpinodelvalle.com\/ru\/wp-json\/wp\/v2\/types\/page"}],"author":[{"embeddable":true,"href":"https:\/\/delpinodelvalle.com\/ru\/wp-json\/wp\/v2\/users\/1"}],"replies":[{"embeddable":true,"href":"https:\/\/delpinodelvalle.com\/ru\/wp-json\/wp\/v2\/comments?post=3004"}],"version-history":[{"count":0,"href":"https:\/\/delpinodelvalle.com\/ru\/wp-json\/wp\/v2\/pages\/3004\/revisions"}],"wp:attachment":[{"href":"https:\/\/delpinodelvalle.com\/ru\/wp-json\/wp\/v2\/media?parent=3004"}],"curies":[{"name":"wp","href":"https:\/\/api.w.org\/{rel}","templated":true}]}}